{"id":294,"date":"2025-03-28T15:43:00","date_gmt":"2025-03-28T13:43:00","guid":{"rendered":"https:\/\/zahermetalgroup.com\/?page_id=294"},"modified":"2025-03-28T15:47:12","modified_gmt":"2025-03-28T13:47:12","slug":"politique-de-cookies","status":"publish","type":"page","link":"https:\/\/zahermetalgroup.com\/fr\/politique-de-cookies\/","title":{"rendered":"Politique de cookies"},"content":{"rendered":"<p><strong>Que sont les cookies\u00a0?<\/strong><\/p>\n<p>Cette politique relative aux cookies explique ce que sont les cookies et comment nous les utilisons, les types de cookies que nous utilisons, c&rsquo;est-\u00e0-dire les informations que nous collectons \u00e0 l&rsquo;aide des cookies et leur utilisation, ainsi que la gestion des param\u00e8tres des cookies.<\/p>\n<p>Les cookies sont de petits fichiers texte utilis\u00e9s pour stocker des informations. Ils sont stock\u00e9s sur votre appareil lorsque le site web est charg\u00e9 dans votre navigateur. Ces cookies nous aident \u00e0 assurer le bon fonctionnement du site web, \u00e0 le s\u00e9curiser, \u00e0 offrir une meilleure exp\u00e9rience utilisateur, \u00e0 comprendre ses performances et \u00e0 analyser ses points forts et ses points faibles.<\/p>\n<p><strong>Comment utilisons-nous les cookies\u00a0?<\/strong><\/p>\n<p>Comme la plupart des services en ligne, notre site web utilise des cookies propri\u00e9taires et tiers \u00e0 plusieurs fins. Les cookies propri\u00e9taires sont principalement n\u00e9cessaires au bon fonctionnement du site et ne collectent aucune donn\u00e9e personnelle identifiable.<\/p>\n<p>Les cookies tiers utilis\u00e9s sur notre site web servent principalement \u00e0 comprendre ses performances, vos interactions avec lui, \u00e0 assurer la s\u00e9curit\u00e9 de nos services, \u00e0 vous proposer des publicit\u00e9s pertinentes et, plus globalement, \u00e0 vous offrir une exp\u00e9rience utilisateur am\u00e9lior\u00e9e et \u00e0 acc\u00e9l\u00e9rer vos futures interactions avec notre site.<\/p>\n<p>[wcc_category_list]<\/p>\n<p>&nbsp;<\/p>\n<p><strong>G\u00e9rer les pr\u00e9f\u00e9rences en mati\u00e8re de cookies<\/strong><\/p>\n<p>Vous pouvez modifier vos pr\u00e9f\u00e9rences en mati\u00e8re de cookies \u00e0 tout moment en cliquant sur le bouton [wcc_preference_button]. Cela vous permettra de consulter \u00e0 nouveau la banni\u00e8re de consentement aux cookies et de modifier vos pr\u00e9f\u00e9rences ou de retirer votre consentement imm\u00e9diatement. De plus, chaque navigateur propose diff\u00e9rentes m\u00e9thodes pour bloquer et supprimer les cookies utilis\u00e9s par les sites web. Vous pouvez modifier les param\u00e8tres de votre navigateur pour bloquer\/supprimer les cookies. Vous trouverez ci-dessous les liens vers les documents d&rsquo;assistance expliquant comment g\u00e9rer et supprimer les cookies dans les principaux navigateurs web.<\/p>\n<p>Chrome: <a href=\"https:\/\/support.google.com\/accounts\/answer\/32050\"> https:\/\/support.google.com\/accounts\/answer\/32050<\/a><\/p>\n<p>Safari: <a href=\"https:\/\/support.apple.com\/en-in\/guide\/safari\/sfri11471\/mac\">https:\/\/support.apple.com\/en-in\/guide\/safari\/sfri11471\/mac<\/a><\/p>\n<p>Firefox: <a href=\"https:\/\/support.mozilla.org\/en-US\/kb\/clear-cookies-and-site-data-firefox?redirectslug=delete-cookies-remove-info-websites-stored&amp;redirectlocale=en-US\">https:\/\/support.mozilla.org\/en-US\/kb\/clear-cookies-and-site-data-firefox?redirectslug=delete-cookies-remove-info-websites-stored&amp;redirectlocale=en-US<\/a><\/p>\n<p>Microsoft Edge: <a href=\"https:\/\/support.microsoft.com\/en-us\/microsoft-edge\/delete-cookies-in-microsoft-edge-63947406-40ac-c3b8-57b9-2a946a29ae09\"> Delete cookies in Microsoft Edge &#8211; Microsoft Support<\/a><\/p>\n<p>Si vous utilisez un autre navigateur Web, veuillez consulter les documents d\u2019assistance officiels de votre navigateur.<\/p>\n","protected":false},"excerpt":{"rendered":"<p>Que sont les cookies\u00a0? Cette politique relative aux cookies explique ce que sont les cookies et comment nous les utilisons, les types de cookies que nous utilisons, c&rsquo;est-\u00e0-dire les informations que nous collectons \u00e0 l&rsquo;aide des cookies et leur utilisation, ainsi que la gestion des param\u00e8tres des cookies. Les cookies sont de petits fichiers texte [&hellip;]<\/p>\n","protected":false},"author":2,"featured_media":0,"parent":0,"menu_order":0,"comment_status":"closed","ping_status":"closed","template":"template-orokorra.php","meta":{"_acf_changed":false,"footnotes":""},"class_list":["post-294","page","type-page","status-publish","hentry"],"acf":[],"yoast_head":"<!-- This site is optimized with the Yoast SEO plugin v26.0 - https:\/\/yoast.com\/wordpress\/plugins\/seo\/ -->\n<title>Politique de cookies - Zaher Group<\/title>\n<meta name=\"robots\" content=\"noindex, nofollow\" \/>\n<meta property=\"og:locale\" content=\"fr_FR\" \/>\n<meta property=\"og:type\" content=\"article\" \/>\n<meta property=\"og:title\" content=\"Politique de cookies - Zaher Group\" \/>\n<meta property=\"og:description\" content=\"Que sont les cookies\u00a0? Cette politique relative aux cookies explique ce que sont les cookies et comment nous les utilisons, les types de cookies que nous utilisons, c&rsquo;est-\u00e0-dire les informations que nous collectons \u00e0 l&rsquo;aide des cookies et leur utilisation, ainsi que la gestion des param\u00e8tres des cookies. Les cookies sont de petits fichiers texte [&hellip;]\" \/>\n<meta property=\"og:url\" content=\"https:\/\/zahermetalgroup.com\/fr\/politique-de-cookies\/\" \/>\n<meta property=\"og:site_name\" content=\"Zaher Group\" \/>\n<meta property=\"article:modified_time\" content=\"2025-03-28T13:47:12+00:00\" \/>\n<meta name=\"twitter:card\" content=\"summary_large_image\" \/>\n<meta name=\"twitter:label1\" content=\"Dur\u00e9e de lecture estim\u00e9e\" \/>\n\t<meta name=\"twitter:data1\" content=\"2 minutes\" \/>\n<script type=\"application\/ld+json\" class=\"yoast-schema-graph\">{\"@context\":\"https:\/\/schema.org\",\"@graph\":[{\"@type\":\"WebPage\",\"@id\":\"https:\/\/zahermetalgroup.com\/fr\/politique-de-cookies\/\",\"url\":\"https:\/\/zahermetalgroup.com\/fr\/politique-de-cookies\/\",\"name\":\"Politique de cookies - Zaher Group\",\"isPartOf\":{\"@id\":\"https:\/\/zahermetalgroup.com\/fr\/#website\"},\"datePublished\":\"2025-03-28T13:43:00+00:00\",\"dateModified\":\"2025-03-28T13:47:12+00:00\",\"breadcrumb\":{\"@id\":\"https:\/\/zahermetalgroup.com\/fr\/politique-de-cookies\/#breadcrumb\"},\"inLanguage\":\"fr-FR\",\"potentialAction\":[{\"@type\":\"ReadAction\",\"target\":[\"https:\/\/zahermetalgroup.com\/fr\/politique-de-cookies\/\"]}]},{\"@type\":\"BreadcrumbList\",\"@id\":\"https:\/\/zahermetalgroup.com\/fr\/politique-de-cookies\/#breadcrumb\",\"itemListElement\":[{\"@type\":\"ListItem\",\"position\":1,\"name\":\"Home\",\"item\":\"https:\/\/zahermetalgroup.com\/fr\/\"},{\"@type\":\"ListItem\",\"position\":2,\"name\":\"Politique de cookies\"}]},{\"@type\":\"WebSite\",\"@id\":\"https:\/\/zahermetalgroup.com\/fr\/#website\",\"url\":\"https:\/\/zahermetalgroup.com\/fr\/\",\"name\":\"Zaher Group\",\"description\":\"Innovation et tradition dans chaque projet\",\"publisher\":{\"@id\":\"https:\/\/zahermetalgroup.com\/fr\/#organization\"},\"potentialAction\":[{\"@type\":\"SearchAction\",\"target\":{\"@type\":\"EntryPoint\",\"urlTemplate\":\"https:\/\/zahermetalgroup.com\/fr\/?s={search_term_string}\"},\"query-input\":{\"@type\":\"PropertyValueSpecification\",\"valueRequired\":true,\"valueName\":\"search_term_string\"}}],\"inLanguage\":\"fr-FR\"},{\"@type\":\"Organization\",\"@id\":\"https:\/\/zahermetalgroup.com\/fr\/#organization\",\"name\":\"Zaher Group\",\"url\":\"https:\/\/zahermetalgroup.com\/fr\/\",\"logo\":{\"@type\":\"ImageObject\",\"inLanguage\":\"fr-FR\",\"@id\":\"https:\/\/zahermetalgroup.com\/fr\/#\/schema\/logo\/image\/\",\"url\":\"https:\/\/zahermetalgroup.com\/wp-content\/uploads\/2025\/03\/zaher_logoa_txuria-1.png\",\"contentUrl\":\"https:\/\/zahermetalgroup.com\/wp-content\/uploads\/2025\/03\/zaher_logoa_txuria-1.png\",\"width\":400,\"height\":244,\"caption\":\"Zaher Group\"},\"image\":{\"@id\":\"https:\/\/zahermetalgroup.com\/fr\/#\/schema\/logo\/image\/\"}}]}<\/script>\n<!-- \/ Yoast SEO plugin. -->","yoast_head_json":{"title":"Politique de cookies - Zaher Group","robots":{"index":"noindex","follow":"nofollow"},"og_locale":"fr_FR","og_type":"article","og_title":"Politique de cookies - Zaher Group","og_description":"Que sont les cookies\u00a0? Cette politique relative aux cookies explique ce que sont les cookies et comment nous les utilisons, les types de cookies que nous utilisons, c&rsquo;est-\u00e0-dire les informations que nous collectons \u00e0 l&rsquo;aide des cookies et leur utilisation, ainsi que la gestion des param\u00e8tres des cookies. Les cookies sont de petits fichiers texte [&hellip;]","og_url":"https:\/\/zahermetalgroup.com\/fr\/politique-de-cookies\/","og_site_name":"Zaher Group","article_modified_time":"2025-03-28T13:47:12+00:00","twitter_card":"summary_large_image","twitter_misc":{"Dur\u00e9e de lecture estim\u00e9e":"2 minutes"},"schema":{"@context":"https:\/\/schema.org","@graph":[{"@type":"WebPage","@id":"https:\/\/zahermetalgroup.com\/fr\/politique-de-cookies\/","url":"https:\/\/zahermetalgroup.com\/fr\/politique-de-cookies\/","name":"Politique de cookies - Zaher Group","isPartOf":{"@id":"https:\/\/zahermetalgroup.com\/fr\/#website"},"datePublished":"2025-03-28T13:43:00+00:00","dateModified":"2025-03-28T13:47:12+00:00","breadcrumb":{"@id":"https:\/\/zahermetalgroup.com\/fr\/politique-de-cookies\/#breadcrumb"},"inLanguage":"fr-FR","potentialAction":[{"@type":"ReadAction","target":["https:\/\/zahermetalgroup.com\/fr\/politique-de-cookies\/"]}]},{"@type":"BreadcrumbList","@id":"https:\/\/zahermetalgroup.com\/fr\/politique-de-cookies\/#breadcrumb","itemListElement":[{"@type":"ListItem","position":1,"name":"Home","item":"https:\/\/zahermetalgroup.com\/fr\/"},{"@type":"ListItem","position":2,"name":"Politique de cookies"}]},{"@type":"WebSite","@id":"https:\/\/zahermetalgroup.com\/fr\/#website","url":"https:\/\/zahermetalgroup.com\/fr\/","name":"Zaher Group","description":"Innovation et tradition dans chaque projet","publisher":{"@id":"https:\/\/zahermetalgroup.com\/fr\/#organization"},"potentialAction":[{"@type":"SearchAction","target":{"@type":"EntryPoint","urlTemplate":"https:\/\/zahermetalgroup.com\/fr\/?s={search_term_string}"},"query-input":{"@type":"PropertyValueSpecification","valueRequired":true,"valueName":"search_term_string"}}],"inLanguage":"fr-FR"},{"@type":"Organization","@id":"https:\/\/zahermetalgroup.com\/fr\/#organization","name":"Zaher Group","url":"https:\/\/zahermetalgroup.com\/fr\/","logo":{"@type":"ImageObject","inLanguage":"fr-FR","@id":"https:\/\/zahermetalgroup.com\/fr\/#\/schema\/logo\/image\/","url":"https:\/\/zahermetalgroup.com\/wp-content\/uploads\/2025\/03\/zaher_logoa_txuria-1.png","contentUrl":"https:\/\/zahermetalgroup.com\/wp-content\/uploads\/2025\/03\/zaher_logoa_txuria-1.png","width":400,"height":244,"caption":"Zaher Group"},"image":{"@id":"https:\/\/zahermetalgroup.com\/fr\/#\/schema\/logo\/image\/"}}]}},"_links":{"self":[{"href":"https:\/\/zahermetalgroup.com\/fr\/wp-json\/wp\/v2\/pages\/294","targetHints":{"allow":["GET"]}}],"collection":[{"href":"https:\/\/zahermetalgroup.com\/fr\/wp-json\/wp\/v2\/pages"}],"about":[{"href":"https:\/\/zahermetalgroup.com\/fr\/wp-json\/wp\/v2\/types\/page"}],"author":[{"embeddable":true,"href":"https:\/\/zahermetalgroup.com\/fr\/wp-json\/wp\/v2\/users\/2"}],"replies":[{"embeddable":true,"href":"https:\/\/zahermetalgroup.com\/fr\/wp-json\/wp\/v2\/comments?post=294"}],"version-history":[{"count":2,"href":"https:\/\/zahermetalgroup.com\/fr\/wp-json\/wp\/v2\/pages\/294\/revisions"}],"predecessor-version":[{"id":305,"href":"https:\/\/zahermetalgroup.com\/fr\/wp-json\/wp\/v2\/pages\/294\/revisions\/305"}],"wp:attachment":[{"href":"https:\/\/zahermetalgroup.com\/fr\/wp-json\/wp\/v2\/media?parent=294"}],"curies":[{"name":"wp","href":"https:\/\/api.w.org\/{rel}","templated":true}]}}