{"id":174,"date":"2025-03-24T12:33:48","date_gmt":"2025-03-24T10:33:48","guid":{"rendered":"https:\/\/zahermetalgroup.com\/calidad\/"},"modified":"2025-06-23T10:19:54","modified_gmt":"2025-06-23T08:19:54","slug":"qualite","status":"publish","type":"page","link":"https:\/\/zahermetalgroup.com\/fr\/qualite\/","title":{"rendered":"Qualit\u00e9"},"content":{"rendered":"<p>Chez ZAHER, nous nous consacrons \u00e0 offrir \u00e0 nos clients un service int\u00e9gral et de qualit\u00e9. Notre politique d&rsquo;entreprise est fond\u00e9e sur l&rsquo;am\u00e9lioration continue, soutenue par des \u00e9tudes internes qui nous permettent de r\u00e9pondre aux besoins du march\u00e9.<\/p>\n<p>Nous valorisons l&rsquo;engagement envers l&rsquo;excellence, c&rsquo;est pourquoi nous garantissons que toutes les pi\u00e8ces et tous les projets que nous livrons r\u00e9pondent aux plus hauts standards de qualit\u00e9. Cela est rendu possible gr\u00e2ce \u00e0 une supervision rigoureuse dans tous les domaines de production, o\u00f9 chaque employ\u00e9 est conscient de l&rsquo;importance de maintenir la qualit\u00e9 \u00e0 chaque \u00e9tape du processus.<\/p>\n<a href=\"https:\/\/zahermetalgroup.com\/wp-content\/uploads\/2025\/06\/SGS_ISO_9001_2015_ESPAS_000165_FR.pdf\" target=\"_blank\" rel=\"noopener\"><img loading=\"lazy\" decoding=\"async\" class=\"border p-2 bg-light d-block aligncenter wp-image-214\" src=\"https:\/\/zahermetalgroup.com\/wp-content\/uploads\/2025\/03\/iso-certificado-imagen-217x300.jpg\" alt=\"iso-certificado-imagen\" width=\"200\" height=\"276\" srcset=\"https:\/\/zahermetalgroup.com\/wp-content\/uploads\/2025\/03\/iso-certificado-imagen-217x300.jpg 217w, https:\/\/zahermetalgroup.com\/wp-content\/uploads\/2025\/03\/iso-certificado-imagen.jpg 344w\" sizes=\"auto, (max-width: 200px) 100vw, 200px\" \/><\/a>\n","protected":false},"excerpt":{"rendered":"<p>Chez ZAHER, nous nous consacrons \u00e0 offrir \u00e0 nos clients un service int\u00e9gral et de qualit\u00e9. Notre politique d&rsquo;entreprise est fond\u00e9e sur l&rsquo;am\u00e9lioration continue, soutenue par des \u00e9tudes internes qui nous permettent de r\u00e9pondre aux besoins du march\u00e9. Nous valorisons l&rsquo;engagement envers l&rsquo;excellence, c&rsquo;est pourquoi nous garantissons que toutes les pi\u00e8ces et tous les projets [&hellip;]<\/p>\n","protected":false},"author":2,"featured_media":0,"parent":0,"menu_order":0,"comment_status":"closed","ping_status":"closed","template":"template-orokorra.php","meta":{"_acf_changed":false,"footnotes":""},"class_list":["post-174","page","type-page","status-publish","hentry"],"acf":[],"yoast_head":"<!-- This site is optimized with the Yoast SEO plugin v26.0 - https:\/\/yoast.com\/wordpress\/plugins\/seo\/ -->\n<title>Qualit\u00e9 - Zaher Group<\/title>\n<meta name=\"description\" content=\"En ZAHER, ofrecemos a nuestros clientes un servicio integral y de calidad. Nuestra pol\u00edtica empresarial se basa en la mejora continua\" \/>\n<meta name=\"robots\" content=\"index, follow, max-snippet:-1, max-image-preview:large, max-video-preview:-1\" \/>\n<link rel=\"canonical\" href=\"https:\/\/zahermetalgroup.com\/fr\/qualite\/\" \/>\n<meta property=\"og:locale\" content=\"fr_FR\" \/>\n<meta property=\"og:type\" content=\"article\" \/>\n<meta property=\"og:title\" content=\"Qualit\u00e9 - Zaher Group\" \/>\n<meta property=\"og:description\" content=\"En ZAHER, ofrecemos a nuestros clientes un servicio integral y de calidad. Nuestra pol\u00edtica empresarial se basa en la mejora continua\" \/>\n<meta property=\"og:url\" content=\"https:\/\/zahermetalgroup.com\/fr\/qualite\/\" \/>\n<meta property=\"og:site_name\" content=\"Zaher Group\" \/>\n<meta property=\"article:modified_time\" content=\"2025-06-23T08:19:54+00:00\" \/>\n<meta property=\"og:image\" content=\"https:\/\/zahermetalgroup.com\/wp-content\/uploads\/2025\/03\/iso-certificado-imagen.jpg\" \/>\n\t<meta property=\"og:image:width\" content=\"344\" \/>\n\t<meta property=\"og:image:height\" content=\"475\" \/>\n\t<meta property=\"og:image:type\" content=\"image\/jpeg\" \/>\n<meta name=\"twitter:card\" content=\"summary_large_image\" \/>\n<meta name=\"twitter:label1\" content=\"Dur\u00e9e de lecture estim\u00e9e\" \/>\n\t<meta name=\"twitter:data1\" content=\"1 minute\" \/>\n<script type=\"application\/ld+json\" class=\"yoast-schema-graph\">{\"@context\":\"https:\/\/schema.org\",\"@graph\":[{\"@type\":\"WebPage\",\"@id\":\"https:\/\/zahermetalgroup.com\/fr\/qualite\/\",\"url\":\"https:\/\/zahermetalgroup.com\/fr\/qualite\/\",\"name\":\"Qualit\u00e9 - Zaher Group\",\"isPartOf\":{\"@id\":\"https:\/\/zahermetalgroup.com\/fr\/#website\"},\"primaryImageOfPage\":{\"@id\":\"https:\/\/zahermetalgroup.com\/fr\/qualite\/#primaryimage\"},\"image\":{\"@id\":\"https:\/\/zahermetalgroup.com\/fr\/qualite\/#primaryimage\"},\"thumbnailUrl\":\"https:\/\/zahermetalgroup.com\/wp-content\/uploads\/2025\/03\/iso-certificado-imagen-217x300.jpg\",\"datePublished\":\"2025-03-24T10:33:48+00:00\",\"dateModified\":\"2025-06-23T08:19:54+00:00\",\"description\":\"En ZAHER, ofrecemos a nuestros clientes un servicio integral y de calidad. Nuestra pol\u00edtica empresarial se basa en la mejora continua\",\"breadcrumb\":{\"@id\":\"https:\/\/zahermetalgroup.com\/fr\/qualite\/#breadcrumb\"},\"inLanguage\":\"fr-FR\",\"potentialAction\":[{\"@type\":\"ReadAction\",\"target\":[\"https:\/\/zahermetalgroup.com\/fr\/qualite\/\"]}]},{\"@type\":\"ImageObject\",\"inLanguage\":\"fr-FR\",\"@id\":\"https:\/\/zahermetalgroup.com\/fr\/qualite\/#primaryimage\",\"url\":\"https:\/\/zahermetalgroup.com\/wp-content\/uploads\/2025\/03\/iso-certificado-imagen-217x300.jpg\",\"contentUrl\":\"https:\/\/zahermetalgroup.com\/wp-content\/uploads\/2025\/03\/iso-certificado-imagen-217x300.jpg\"},{\"@type\":\"BreadcrumbList\",\"@id\":\"https:\/\/zahermetalgroup.com\/fr\/qualite\/#breadcrumb\",\"itemListElement\":[{\"@type\":\"ListItem\",\"position\":1,\"name\":\"Home\",\"item\":\"https:\/\/zahermetalgroup.com\/fr\/\"},{\"@type\":\"ListItem\",\"position\":2,\"name\":\"Qualit\u00e9\"}]},{\"@type\":\"WebSite\",\"@id\":\"https:\/\/zahermetalgroup.com\/fr\/#website\",\"url\":\"https:\/\/zahermetalgroup.com\/fr\/\",\"name\":\"Zaher Group\",\"description\":\"Innovation et tradition dans chaque projet\",\"publisher\":{\"@id\":\"https:\/\/zahermetalgroup.com\/fr\/#organization\"},\"potentialAction\":[{\"@type\":\"SearchAction\",\"target\":{\"@type\":\"EntryPoint\",\"urlTemplate\":\"https:\/\/zahermetalgroup.com\/fr\/?s={search_term_string}\"},\"query-input\":{\"@type\":\"PropertyValueSpecification\",\"valueRequired\":true,\"valueName\":\"search_term_string\"}}],\"inLanguage\":\"fr-FR\"},{\"@type\":\"Organization\",\"@id\":\"https:\/\/zahermetalgroup.com\/fr\/#organization\",\"name\":\"Zaher Group\",\"url\":\"https:\/\/zahermetalgroup.com\/fr\/\",\"logo\":{\"@type\":\"ImageObject\",\"inLanguage\":\"fr-FR\",\"@id\":\"https:\/\/zahermetalgroup.com\/fr\/#\/schema\/logo\/image\/\",\"url\":\"https:\/\/zahermetalgroup.com\/wp-content\/uploads\/2025\/03\/zaher_logoa_txuria-1.png\",\"contentUrl\":\"https:\/\/zahermetalgroup.com\/wp-content\/uploads\/2025\/03\/zaher_logoa_txuria-1.png\",\"width\":400,\"height\":244,\"caption\":\"Zaher Group\"},\"image\":{\"@id\":\"https:\/\/zahermetalgroup.com\/fr\/#\/schema\/logo\/image\/\"}}]}<\/script>\n<!-- \/ Yoast SEO plugin. -->","yoast_head_json":{"title":"Qualit\u00e9 - Zaher Group","description":"En ZAHER, ofrecemos a nuestros clientes un servicio integral y de calidad. Nuestra pol\u00edtica empresarial se basa en la mejora continua","robots":{"index":"index","follow":"follow","max-snippet":"max-snippet:-1","max-image-preview":"max-image-preview:large","max-video-preview":"max-video-preview:-1"},"canonical":"https:\/\/zahermetalgroup.com\/fr\/qualite\/","og_locale":"fr_FR","og_type":"article","og_title":"Qualit\u00e9 - Zaher Group","og_description":"En ZAHER, ofrecemos a nuestros clientes un servicio integral y de calidad. Nuestra pol\u00edtica empresarial se basa en la mejora continua","og_url":"https:\/\/zahermetalgroup.com\/fr\/qualite\/","og_site_name":"Zaher Group","article_modified_time":"2025-06-23T08:19:54+00:00","og_image":[{"width":344,"height":475,"url":"https:\/\/zahermetalgroup.com\/wp-content\/uploads\/2025\/03\/iso-certificado-imagen.jpg","type":"image\/jpeg"}],"twitter_card":"summary_large_image","twitter_misc":{"Dur\u00e9e de lecture estim\u00e9e":"1 minute"},"schema":{"@context":"https:\/\/schema.org","@graph":[{"@type":"WebPage","@id":"https:\/\/zahermetalgroup.com\/fr\/qualite\/","url":"https:\/\/zahermetalgroup.com\/fr\/qualite\/","name":"Qualit\u00e9 - Zaher Group","isPartOf":{"@id":"https:\/\/zahermetalgroup.com\/fr\/#website"},"primaryImageOfPage":{"@id":"https:\/\/zahermetalgroup.com\/fr\/qualite\/#primaryimage"},"image":{"@id":"https:\/\/zahermetalgroup.com\/fr\/qualite\/#primaryimage"},"thumbnailUrl":"https:\/\/zahermetalgroup.com\/wp-content\/uploads\/2025\/03\/iso-certificado-imagen-217x300.jpg","datePublished":"2025-03-24T10:33:48+00:00","dateModified":"2025-06-23T08:19:54+00:00","description":"En ZAHER, ofrecemos a nuestros clientes un servicio integral y de calidad. Nuestra pol\u00edtica empresarial se basa en la mejora continua","breadcrumb":{"@id":"https:\/\/zahermetalgroup.com\/fr\/qualite\/#breadcrumb"},"inLanguage":"fr-FR","potentialAction":[{"@type":"ReadAction","target":["https:\/\/zahermetalgroup.com\/fr\/qualite\/"]}]},{"@type":"ImageObject","inLanguage":"fr-FR","@id":"https:\/\/zahermetalgroup.com\/fr\/qualite\/#primaryimage","url":"https:\/\/zahermetalgroup.com\/wp-content\/uploads\/2025\/03\/iso-certificado-imagen-217x300.jpg","contentUrl":"https:\/\/zahermetalgroup.com\/wp-content\/uploads\/2025\/03\/iso-certificado-imagen-217x300.jpg"},{"@type":"BreadcrumbList","@id":"https:\/\/zahermetalgroup.com\/fr\/qualite\/#breadcrumb","itemListElement":[{"@type":"ListItem","position":1,"name":"Home","item":"https:\/\/zahermetalgroup.com\/fr\/"},{"@type":"ListItem","position":2,"name":"Qualit\u00e9"}]},{"@type":"WebSite","@id":"https:\/\/zahermetalgroup.com\/fr\/#website","url":"https:\/\/zahermetalgroup.com\/fr\/","name":"Zaher Group","description":"Innovation et tradition dans chaque projet","publisher":{"@id":"https:\/\/zahermetalgroup.com\/fr\/#organization"},"potentialAction":[{"@type":"SearchAction","target":{"@type":"EntryPoint","urlTemplate":"https:\/\/zahermetalgroup.com\/fr\/?s={search_term_string}"},"query-input":{"@type":"PropertyValueSpecification","valueRequired":true,"valueName":"search_term_string"}}],"inLanguage":"fr-FR"},{"@type":"Organization","@id":"https:\/\/zahermetalgroup.com\/fr\/#organization","name":"Zaher Group","url":"https:\/\/zahermetalgroup.com\/fr\/","logo":{"@type":"ImageObject","inLanguage":"fr-FR","@id":"https:\/\/zahermetalgroup.com\/fr\/#\/schema\/logo\/image\/","url":"https:\/\/zahermetalgroup.com\/wp-content\/uploads\/2025\/03\/zaher_logoa_txuria-1.png","contentUrl":"https:\/\/zahermetalgroup.com\/wp-content\/uploads\/2025\/03\/zaher_logoa_txuria-1.png","width":400,"height":244,"caption":"Zaher Group"},"image":{"@id":"https:\/\/zahermetalgroup.com\/fr\/#\/schema\/logo\/image\/"}}]}},"_links":{"self":[{"href":"https:\/\/zahermetalgroup.com\/fr\/wp-json\/wp\/v2\/pages\/174","targetHints":{"allow":["GET"]}}],"collection":[{"href":"https:\/\/zahermetalgroup.com\/fr\/wp-json\/wp\/v2\/pages"}],"about":[{"href":"https:\/\/zahermetalgroup.com\/fr\/wp-json\/wp\/v2\/types\/page"}],"author":[{"embeddable":true,"href":"https:\/\/zahermetalgroup.com\/fr\/wp-json\/wp\/v2\/users\/2"}],"replies":[{"embeddable":true,"href":"https:\/\/zahermetalgroup.com\/fr\/wp-json\/wp\/v2\/comments?post=174"}],"version-history":[{"count":5,"href":"https:\/\/zahermetalgroup.com\/fr\/wp-json\/wp\/v2\/pages\/174\/revisions"}],"predecessor-version":[{"id":353,"href":"https:\/\/zahermetalgroup.com\/fr\/wp-json\/wp\/v2\/pages\/174\/revisions\/353"}],"wp:attachment":[{"href":"https:\/\/zahermetalgroup.com\/fr\/wp-json\/wp\/v2\/media?parent=174"}],"curies":[{"name":"wp","href":"https:\/\/api.w.org\/{rel}","templated":true}]}}