{"id":163,"date":"2025-03-14T14:48:58","date_gmt":"2025-03-14T12:48:58","guid":{"rendered":"https:\/\/zahermetalgroup.com\/zaher\/"},"modified":"2025-10-01T10:14:18","modified_gmt":"2025-10-01T08:14:18","slug":"zaher","status":"publish","type":"page","link":"https:\/\/zahermetalgroup.com\/fr\/zaher\/","title":{"rendered":"Histoire"},"content":{"rendered":"<p style=\"text-align: center;\">Chez ZAHER GROUP, le m\u00e9tal n&rsquo;est pas seulement notre mat\u00e9riau de travail, c&rsquo;est notre passion.<\/p>\n<p style=\"text-align: center;\">Une passion qui se transmet de g\u00e9n\u00e9ration en g\u00e9n\u00e9ration.<\/p>\n","protected":false},"excerpt":{"rendered":"<p>Chez ZAHER GROUP, le m\u00e9tal n&rsquo;est pas seulement notre mat\u00e9riau de travail, c&rsquo;est notre passion. Une passion qui se transmet de g\u00e9n\u00e9ration en g\u00e9n\u00e9ration.<\/p>\n","protected":false},"author":2,"featured_media":326,"parent":0,"menu_order":0,"comment_status":"closed","ping_status":"closed","template":"template-historia.php","meta":{"_acf_changed":false,"footnotes":""},"class_list":["post-163","page","type-page","status-publish","has-post-thumbnail","hentry"],"acf":[],"yoast_head":"<!-- This site is optimized with the Yoast SEO plugin v26.0 - https:\/\/yoast.com\/wordpress\/plugins\/seo\/ -->\n<title>Histoire - Zaher Group<\/title>\n<meta name=\"robots\" content=\"index, follow, max-snippet:-1, max-image-preview:large, max-video-preview:-1\" \/>\n<link rel=\"canonical\" href=\"https:\/\/zahermetalgroup.com\/fr\/zaher\/\" \/>\n<meta property=\"og:locale\" content=\"fr_FR\" \/>\n<meta property=\"og:type\" content=\"article\" \/>\n<meta property=\"og:title\" content=\"Histoire - Zaher Group\" \/>\n<meta property=\"og:description\" content=\"Chez ZAHER GROUP, le m\u00e9tal n&rsquo;est pas seulement notre mat\u00e9riau de travail, c&rsquo;est notre passion. Une passion qui se transmet de g\u00e9n\u00e9ration en g\u00e9n\u00e9ration.\" \/>\n<meta property=\"og:url\" content=\"https:\/\/zahermetalgroup.com\/fr\/zaher\/\" \/>\n<meta property=\"og:site_name\" content=\"Zaher Group\" \/>\n<meta property=\"article:modified_time\" content=\"2025-10-01T08:14:18+00:00\" \/>\n<meta property=\"og:image\" content=\"https:\/\/zahermetalgroup.com\/wp-content\/uploads\/2025\/05\/imagen-bg-ZaherMetalGroup-scaled.jpg\" \/>\n\t<meta property=\"og:image:width\" content=\"2560\" \/>\n\t<meta property=\"og:image:height\" content=\"1432\" \/>\n\t<meta property=\"og:image:type\" content=\"image\/jpeg\" \/>\n<meta name=\"twitter:card\" content=\"summary_large_image\" \/>\n<meta name=\"twitter:label1\" content=\"Dur\u00e9e de lecture estim\u00e9e\" \/>\n\t<meta name=\"twitter:data1\" content=\"1 minute\" \/>\n<script type=\"application\/ld+json\" class=\"yoast-schema-graph\">{\"@context\":\"https:\/\/schema.org\",\"@graph\":[{\"@type\":\"WebPage\",\"@id\":\"https:\/\/zahermetalgroup.com\/fr\/zaher\/\",\"url\":\"https:\/\/zahermetalgroup.com\/fr\/zaher\/\",\"name\":\"Histoire - Zaher Group\",\"isPartOf\":{\"@id\":\"https:\/\/zahermetalgroup.com\/fr\/#website\"},\"primaryImageOfPage\":{\"@id\":\"https:\/\/zahermetalgroup.com\/fr\/zaher\/#primaryimage\"},\"image\":{\"@id\":\"https:\/\/zahermetalgroup.com\/fr\/zaher\/#primaryimage\"},\"thumbnailUrl\":\"https:\/\/zahermetalgroup.com\/wp-content\/uploads\/2025\/05\/imagen-bg-ZaherMetalGroup-scaled.jpg\",\"datePublished\":\"2025-03-14T12:48:58+00:00\",\"dateModified\":\"2025-10-01T08:14:18+00:00\",\"breadcrumb\":{\"@id\":\"https:\/\/zahermetalgroup.com\/fr\/zaher\/#breadcrumb\"},\"inLanguage\":\"fr-FR\",\"potentialAction\":[{\"@type\":\"ReadAction\",\"target\":[\"https:\/\/zahermetalgroup.com\/fr\/zaher\/\"]}]},{\"@type\":\"ImageObject\",\"inLanguage\":\"fr-FR\",\"@id\":\"https:\/\/zahermetalgroup.com\/fr\/zaher\/#primaryimage\",\"url\":\"https:\/\/zahermetalgroup.com\/wp-content\/uploads\/2025\/05\/imagen-bg-ZaherMetalGroup-scaled.jpg\",\"contentUrl\":\"https:\/\/zahermetalgroup.com\/wp-content\/uploads\/2025\/05\/imagen-bg-ZaherMetalGroup-scaled.jpg\",\"width\":2560,\"height\":1432},{\"@type\":\"BreadcrumbList\",\"@id\":\"https:\/\/zahermetalgroup.com\/fr\/zaher\/#breadcrumb\",\"itemListElement\":[{\"@type\":\"ListItem\",\"position\":1,\"name\":\"Home\",\"item\":\"https:\/\/zahermetalgroup.com\/fr\/\"},{\"@type\":\"ListItem\",\"position\":2,\"name\":\"Histoire\"}]},{\"@type\":\"WebSite\",\"@id\":\"https:\/\/zahermetalgroup.com\/fr\/#website\",\"url\":\"https:\/\/zahermetalgroup.com\/fr\/\",\"name\":\"Zaher Group\",\"description\":\"Innovation et tradition dans chaque projet\",\"publisher\":{\"@id\":\"https:\/\/zahermetalgroup.com\/fr\/#organization\"},\"potentialAction\":[{\"@type\":\"SearchAction\",\"target\":{\"@type\":\"EntryPoint\",\"urlTemplate\":\"https:\/\/zahermetalgroup.com\/fr\/?s={search_term_string}\"},\"query-input\":{\"@type\":\"PropertyValueSpecification\",\"valueRequired\":true,\"valueName\":\"search_term_string\"}}],\"inLanguage\":\"fr-FR\"},{\"@type\":\"Organization\",\"@id\":\"https:\/\/zahermetalgroup.com\/fr\/#organization\",\"name\":\"Zaher Group\",\"url\":\"https:\/\/zahermetalgroup.com\/fr\/\",\"logo\":{\"@type\":\"ImageObject\",\"inLanguage\":\"fr-FR\",\"@id\":\"https:\/\/zahermetalgroup.com\/fr\/#\/schema\/logo\/image\/\",\"url\":\"https:\/\/zahermetalgroup.com\/wp-content\/uploads\/2025\/03\/zaher_logoa_txuria-1.png\",\"contentUrl\":\"https:\/\/zahermetalgroup.com\/wp-content\/uploads\/2025\/03\/zaher_logoa_txuria-1.png\",\"width\":400,\"height\":244,\"caption\":\"Zaher Group\"},\"image\":{\"@id\":\"https:\/\/zahermetalgroup.com\/fr\/#\/schema\/logo\/image\/\"}}]}<\/script>\n<!-- \/ Yoast SEO plugin. -->","yoast_head_json":{"title":"Histoire - Zaher Group","robots":{"index":"index","follow":"follow","max-snippet":"max-snippet:-1","max-image-preview":"max-image-preview:large","max-video-preview":"max-video-preview:-1"},"canonical":"https:\/\/zahermetalgroup.com\/fr\/zaher\/","og_locale":"fr_FR","og_type":"article","og_title":"Histoire - Zaher Group","og_description":"Chez ZAHER GROUP, le m\u00e9tal n&rsquo;est pas seulement notre mat\u00e9riau de travail, c&rsquo;est notre passion. Une passion qui se transmet de g\u00e9n\u00e9ration en g\u00e9n\u00e9ration.","og_url":"https:\/\/zahermetalgroup.com\/fr\/zaher\/","og_site_name":"Zaher Group","article_modified_time":"2025-10-01T08:14:18+00:00","og_image":[{"width":2560,"height":1432,"url":"https:\/\/zahermetalgroup.com\/wp-content\/uploads\/2025\/05\/imagen-bg-ZaherMetalGroup-scaled.jpg","type":"image\/jpeg"}],"twitter_card":"summary_large_image","twitter_misc":{"Dur\u00e9e de lecture estim\u00e9e":"1 minute"},"schema":{"@context":"https:\/\/schema.org","@graph":[{"@type":"WebPage","@id":"https:\/\/zahermetalgroup.com\/fr\/zaher\/","url":"https:\/\/zahermetalgroup.com\/fr\/zaher\/","name":"Histoire - Zaher Group","isPartOf":{"@id":"https:\/\/zahermetalgroup.com\/fr\/#website"},"primaryImageOfPage":{"@id":"https:\/\/zahermetalgroup.com\/fr\/zaher\/#primaryimage"},"image":{"@id":"https:\/\/zahermetalgroup.com\/fr\/zaher\/#primaryimage"},"thumbnailUrl":"https:\/\/zahermetalgroup.com\/wp-content\/uploads\/2025\/05\/imagen-bg-ZaherMetalGroup-scaled.jpg","datePublished":"2025-03-14T12:48:58+00:00","dateModified":"2025-10-01T08:14:18+00:00","breadcrumb":{"@id":"https:\/\/zahermetalgroup.com\/fr\/zaher\/#breadcrumb"},"inLanguage":"fr-FR","potentialAction":[{"@type":"ReadAction","target":["https:\/\/zahermetalgroup.com\/fr\/zaher\/"]}]},{"@type":"ImageObject","inLanguage":"fr-FR","@id":"https:\/\/zahermetalgroup.com\/fr\/zaher\/#primaryimage","url":"https:\/\/zahermetalgroup.com\/wp-content\/uploads\/2025\/05\/imagen-bg-ZaherMetalGroup-scaled.jpg","contentUrl":"https:\/\/zahermetalgroup.com\/wp-content\/uploads\/2025\/05\/imagen-bg-ZaherMetalGroup-scaled.jpg","width":2560,"height":1432},{"@type":"BreadcrumbList","@id":"https:\/\/zahermetalgroup.com\/fr\/zaher\/#breadcrumb","itemListElement":[{"@type":"ListItem","position":1,"name":"Home","item":"https:\/\/zahermetalgroup.com\/fr\/"},{"@type":"ListItem","position":2,"name":"Histoire"}]},{"@type":"WebSite","@id":"https:\/\/zahermetalgroup.com\/fr\/#website","url":"https:\/\/zahermetalgroup.com\/fr\/","name":"Zaher Group","description":"Innovation et tradition dans chaque projet","publisher":{"@id":"https:\/\/zahermetalgroup.com\/fr\/#organization"},"potentialAction":[{"@type":"SearchAction","target":{"@type":"EntryPoint","urlTemplate":"https:\/\/zahermetalgroup.com\/fr\/?s={search_term_string}"},"query-input":{"@type":"PropertyValueSpecification","valueRequired":true,"valueName":"search_term_string"}}],"inLanguage":"fr-FR"},{"@type":"Organization","@id":"https:\/\/zahermetalgroup.com\/fr\/#organization","name":"Zaher Group","url":"https:\/\/zahermetalgroup.com\/fr\/","logo":{"@type":"ImageObject","inLanguage":"fr-FR","@id":"https:\/\/zahermetalgroup.com\/fr\/#\/schema\/logo\/image\/","url":"https:\/\/zahermetalgroup.com\/wp-content\/uploads\/2025\/03\/zaher_logoa_txuria-1.png","contentUrl":"https:\/\/zahermetalgroup.com\/wp-content\/uploads\/2025\/03\/zaher_logoa_txuria-1.png","width":400,"height":244,"caption":"Zaher Group"},"image":{"@id":"https:\/\/zahermetalgroup.com\/fr\/#\/schema\/logo\/image\/"}}]}},"_links":{"self":[{"href":"https:\/\/zahermetalgroup.com\/fr\/wp-json\/wp\/v2\/pages\/163","targetHints":{"allow":["GET"]}}],"collection":[{"href":"https:\/\/zahermetalgroup.com\/fr\/wp-json\/wp\/v2\/pages"}],"about":[{"href":"https:\/\/zahermetalgroup.com\/fr\/wp-json\/wp\/v2\/types\/page"}],"author":[{"embeddable":true,"href":"https:\/\/zahermetalgroup.com\/fr\/wp-json\/wp\/v2\/users\/2"}],"replies":[{"embeddable":true,"href":"https:\/\/zahermetalgroup.com\/fr\/wp-json\/wp\/v2\/comments?post=163"}],"version-history":[{"count":4,"href":"https:\/\/zahermetalgroup.com\/fr\/wp-json\/wp\/v2\/pages\/163\/revisions"}],"predecessor-version":[{"id":377,"href":"https:\/\/zahermetalgroup.com\/fr\/wp-json\/wp\/v2\/pages\/163\/revisions\/377"}],"wp:featuredmedia":[{"embeddable":true,"href":"https:\/\/zahermetalgroup.com\/fr\/wp-json\/wp\/v2\/media\/326"}],"wp:attachment":[{"href":"https:\/\/zahermetalgroup.com\/fr\/wp-json\/wp\/v2\/media?parent=163"}],"curies":[{"name":"wp","href":"https:\/\/api.w.org\/{rel}","templated":true}]}}