{"id":139,"date":"2025-03-24T13:56:53","date_gmt":"2025-03-24T11:56:53","guid":{"rendered":"https:\/\/zahermetalgroup.com\/aviso-legal\/"},"modified":"2025-05-07T09:31:14","modified_gmt":"2025-05-07T07:31:14","slug":"mentions-legales","status":"publish","type":"page","link":"https:\/\/zahermetalgroup.com\/fr\/mentions-legales\/","title":{"rendered":"Mentions l\u00e9gales"},"content":{"rendered":"<p><strong>Objeto<\/strong><\/p>\n<p>El prestador, responsable del sitio web, pone a disposici\u00f3n de los usuarios el presente documento con el que pretende dar cumplimiento a las obligaciones dispuestas en la Ley 34\/2002, de Servicios de la Sociedad\u00a0 de la Informaci\u00f3n y del Comercio Electr\u00f3nico (LSSI-CE), as\u00ed como informar a todos los usuarios del sitio web respecto a cu\u00e1les son las condiciones de uso del sitio web.<\/p>\n<p>El acceso al sitio web implica sin reservas la aceptaci\u00f3n de las presentes condiciones generales de uso que el usuario afirma comprender en su totalidad. El usuario se compromete a no utilizar el sitio web y los\u00a0 servicios que se ofrecen en el mismo para la realizaci\u00f3n de actividades contrarias a la ley y a respetar en todo momento las presentes condiciones generales. El prestador podr\u00e1 interrumpir en cualquier momento el acceso a su sitio web si detecta un uso contrario a la legalidad, la buena fe o a las presentes condiciones generales.<\/p>\n<p>El prestador se reserva el derecho a modificar cualquier tipo de informaci\u00f3n que pudiera aparecer en el sitio web, sin que exista obligaci\u00f3n de preavisar o poner en conocimiento de los usuarios dichas obligaciones,\u00a0 entendi\u00e9ndose como suficiente con la publicaci\u00f3n en el sitio web del prestador.<\/p>\n<p><strong>Sobre el prestador<\/strong><\/p>\n<p>El prestador responsable del sitio web ofrece a los usuarios del mismo sus datos identificativos a fin de mejorar la confianza del usuario y de las relaciones con \u00e9ste.<\/p>\n<p>Denominaci\u00f3n Social: ZAHER METAL GROUP, S.L.<br \/>\nNombre Comercial: ZAHER METAL GROUP, S.L.<br \/>\nDomicilio Social: POLIGONO INDUSTRIAL UGARTE 72-73 AZKOITIA 20720 (GIPUZKOA)<br \/>\nCIF \/ NIF: B20706644<br \/>\nTel\u00e9fono: 943857120<br \/>\nRegistro Mercantil: Al tomo 1844, libro 0, folio 44, secci\u00f3n 8, hoja SS-17986, inscripci\u00f3n 1\u00aa<br \/>\ne-Mail: irenezabarte@zaher2000.com<br \/>\nNombre de dominio: www.zahermetalgroup.com<\/p>\n<p><strong>Direcciones IP<\/strong><\/p>\n<p>Los servidores del sitio web podr\u00e1n detectar de manera autom\u00e1tica la direcci\u00f3n IP y el nombre de dominio utilizados por el usuario. Una direcci\u00f3n IP es un n\u00famero asignado autom\u00e1ticamente a un ordenador cuando \u00e9sta se conecta a Internet. Toda esta informaci\u00f3n es registrada en un fichero de actividad del servidor debidamente inscrito que permite el posterior procesamiento de los datos con el fin de obtener\u00a0 mediciones \u00fanicamente estad\u00edsticas que permitan conocer el n\u00famero de impresiones de p\u00e1ginas, el n\u00famero de visitas realizadas a los servicios web, el orden de visitas, el punto de acceso, etc. Seguridad<\/p>\n<p>El prestador ha adoptado todas las medidas t\u00e9cnicas y organizativas necesarias para garantizar la seguridad e integridad de los datos de car\u00e1cter personal que trate, as\u00ed como para evitar su p\u00e9rdida, alteraci\u00f3n y\/o\u00a0 acceso por parte de terceros no autorizados. El sitio web utiliza t\u00e9cnicas de seguridad de la informaci\u00f3n generalmente aceptadas en la industria, tales como firewalls, procedimientos de control de acceso y\u00a0 mecanismos criptogr\u00e1ficos, todo ello con el objeto de evitar el acceso no autorizado a los datos. Para lograr estos fines, el usuario\/cliente acepta que el prestador obtenga datos para efectos de la correspondiente\u00a0 autenticaci\u00f3n de los controles de acceso.<\/p>\n<p><strong>Responsabilidad<\/strong><\/p>\n<p>El prestador se exime de cualquier tipo de responsabilidad derivada de la informaci\u00f3n publicada en su sitio web, siempre que esta informaci\u00f3n haya sido manipulada o introducida por un tercero ajeno al mismo\u00a0 (por ejemplo, en foros, chats, blogs, comentarios, etc.). No obstante, y en cumplimiento de lo dispuesto en la LSSI-CE, el prestador se pone a disposici\u00f3n de todos los usuarios, autoridades y fuerzas de seguridad,\u00a0 para retirar o en su caso bloquear todos aquellos contenidos que pudieran afectar o contravenir la legislaci\u00f3n nacional, o internacional, derechos de terceros o la moral y el orden p\u00fablico, poniendo los hechos en\u00a0 conocimiento de las autoridades competentes si fuese necesario.<\/p>\n<p>En caso de que el usuario considere que existe en el sitio web alg\u00fan contenido que pudiera ser susceptible de esta clasificaci\u00f3n, se ruega lo notifique de forma inmediata al administrador del sitio web. Este sitio web ha sido revisado y probado para que funcione correctamente. En principio, puede garantizarse el correcto funcionamiento los 365 d\u00edas del a\u00f1o, 24 horas al d\u00eda. No obstante, el prestador no descarta la posibilidad de<br \/>\nque existan ciertos errores de programaci\u00f3n, o que acontezcan causas de fuerza mayor, cat\u00e1strofes naturales, huelgas, o circunstancias semejantes que hagan imposible el acceso a la p\u00e1gina web.<\/p>\n<p><strong>Ley aplicable y Jurisdicci\u00f3n<\/strong><\/p>\n<p>Para la resoluci\u00f3n de todas las controversias o cuestiones relacionadas con el presente sitio web o de las actividades en \u00e9l desarrolladas, ser\u00e1 de aplicaci\u00f3n la legislaci\u00f3n espa\u00f1ola, a la que se someten expresamente\u00a0 las partes, siendo competentes para la resoluci\u00f3n de todos los conflictos derivados o relacionados con su uso los Juzgados y Tribunales de Gipuzkoa.<\/p>\n","protected":false},"excerpt":{"rendered":"<p>Objeto El prestador, responsable del sitio web, pone a disposici\u00f3n de los usuarios el presente documento con el que pretende dar cumplimiento a las obligaciones dispuestas en la Ley 34\/2002, de Servicios de la Sociedad\u00a0 de la Informaci\u00f3n y del Comercio Electr\u00f3nico (LSSI-CE), as\u00ed como informar a todos los usuarios del sitio web respecto a [&hellip;]<\/p>\n","protected":false},"author":2,"featured_media":0,"parent":0,"menu_order":0,"comment_status":"closed","ping_status":"closed","template":"","meta":{"_acf_changed":false,"footnotes":""},"class_list":["post-139","page","type-page","status-publish","hentry"],"acf":[],"yoast_head":"<!-- This site is optimized with the Yoast SEO plugin v26.0 - https:\/\/yoast.com\/wordpress\/plugins\/seo\/ -->\n<title>Mentions l\u00e9gales - Zaher Group<\/title>\n<meta name=\"robots\" content=\"noindex, nofollow\" \/>\n<meta property=\"og:locale\" content=\"fr_FR\" \/>\n<meta property=\"og:type\" content=\"article\" \/>\n<meta property=\"og:title\" content=\"Mentions l\u00e9gales - Zaher Group\" \/>\n<meta property=\"og:description\" content=\"Objeto El prestador, responsable del sitio web, pone a disposici\u00f3n de los usuarios el presente documento con el que pretende dar cumplimiento a las obligaciones dispuestas en la Ley 34\/2002, de Servicios de la Sociedad\u00a0 de la Informaci\u00f3n y del Comercio Electr\u00f3nico (LSSI-CE), as\u00ed como informar a todos los usuarios del sitio web respecto a [&hellip;]\" \/>\n<meta property=\"og:url\" content=\"https:\/\/zahermetalgroup.com\/fr\/mentions-legales\/\" \/>\n<meta property=\"og:site_name\" content=\"Zaher Group\" \/>\n<meta property=\"article:modified_time\" content=\"2025-05-07T07:31:14+00:00\" \/>\n<meta name=\"twitter:card\" content=\"summary_large_image\" \/>\n<meta name=\"twitter:label1\" content=\"Dur\u00e9e de lecture estim\u00e9e\" \/>\n\t<meta name=\"twitter:data1\" content=\"6 minutes\" \/>\n<script type=\"application\/ld+json\" class=\"yoast-schema-graph\">{\"@context\":\"https:\/\/schema.org\",\"@graph\":[{\"@type\":\"WebPage\",\"@id\":\"https:\/\/zahermetalgroup.com\/fr\/mentions-legales\/\",\"url\":\"https:\/\/zahermetalgroup.com\/fr\/mentions-legales\/\",\"name\":\"Mentions l\u00e9gales - Zaher Group\",\"isPartOf\":{\"@id\":\"https:\/\/zahermetalgroup.com\/fr\/#website\"},\"datePublished\":\"2025-03-24T11:56:53+00:00\",\"dateModified\":\"2025-05-07T07:31:14+00:00\",\"breadcrumb\":{\"@id\":\"https:\/\/zahermetalgroup.com\/fr\/mentions-legales\/#breadcrumb\"},\"inLanguage\":\"fr-FR\",\"potentialAction\":[{\"@type\":\"ReadAction\",\"target\":[\"https:\/\/zahermetalgroup.com\/fr\/mentions-legales\/\"]}]},{\"@type\":\"BreadcrumbList\",\"@id\":\"https:\/\/zahermetalgroup.com\/fr\/mentions-legales\/#breadcrumb\",\"itemListElement\":[{\"@type\":\"ListItem\",\"position\":1,\"name\":\"Home\",\"item\":\"https:\/\/zahermetalgroup.com\/fr\/\"},{\"@type\":\"ListItem\",\"position\":2,\"name\":\"Mentions l\u00e9gales\"}]},{\"@type\":\"WebSite\",\"@id\":\"https:\/\/zahermetalgroup.com\/fr\/#website\",\"url\":\"https:\/\/zahermetalgroup.com\/fr\/\",\"name\":\"Zaher Group\",\"description\":\"Innovation et tradition dans chaque projet\",\"publisher\":{\"@id\":\"https:\/\/zahermetalgroup.com\/fr\/#organization\"},\"potentialAction\":[{\"@type\":\"SearchAction\",\"target\":{\"@type\":\"EntryPoint\",\"urlTemplate\":\"https:\/\/zahermetalgroup.com\/fr\/?s={search_term_string}\"},\"query-input\":{\"@type\":\"PropertyValueSpecification\",\"valueRequired\":true,\"valueName\":\"search_term_string\"}}],\"inLanguage\":\"fr-FR\"},{\"@type\":\"Organization\",\"@id\":\"https:\/\/zahermetalgroup.com\/fr\/#organization\",\"name\":\"Zaher Group\",\"url\":\"https:\/\/zahermetalgroup.com\/fr\/\",\"logo\":{\"@type\":\"ImageObject\",\"inLanguage\":\"fr-FR\",\"@id\":\"https:\/\/zahermetalgroup.com\/fr\/#\/schema\/logo\/image\/\",\"url\":\"https:\/\/zahermetalgroup.com\/wp-content\/uploads\/2025\/03\/zaher_logoa_txuria-1.png\",\"contentUrl\":\"https:\/\/zahermetalgroup.com\/wp-content\/uploads\/2025\/03\/zaher_logoa_txuria-1.png\",\"width\":400,\"height\":244,\"caption\":\"Zaher Group\"},\"image\":{\"@id\":\"https:\/\/zahermetalgroup.com\/fr\/#\/schema\/logo\/image\/\"}}]}<\/script>\n<!-- \/ Yoast SEO plugin. -->","yoast_head_json":{"title":"Mentions l\u00e9gales - Zaher Group","robots":{"index":"noindex","follow":"nofollow"},"og_locale":"fr_FR","og_type":"article","og_title":"Mentions l\u00e9gales - Zaher Group","og_description":"Objeto El prestador, responsable del sitio web, pone a disposici\u00f3n de los usuarios el presente documento con el que pretende dar cumplimiento a las obligaciones dispuestas en la Ley 34\/2002, de Servicios de la Sociedad\u00a0 de la Informaci\u00f3n y del Comercio Electr\u00f3nico (LSSI-CE), as\u00ed como informar a todos los usuarios del sitio web respecto a [&hellip;]","og_url":"https:\/\/zahermetalgroup.com\/fr\/mentions-legales\/","og_site_name":"Zaher Group","article_modified_time":"2025-05-07T07:31:14+00:00","twitter_card":"summary_large_image","twitter_misc":{"Dur\u00e9e de lecture estim\u00e9e":"6 minutes"},"schema":{"@context":"https:\/\/schema.org","@graph":[{"@type":"WebPage","@id":"https:\/\/zahermetalgroup.com\/fr\/mentions-legales\/","url":"https:\/\/zahermetalgroup.com\/fr\/mentions-legales\/","name":"Mentions l\u00e9gales - Zaher Group","isPartOf":{"@id":"https:\/\/zahermetalgroup.com\/fr\/#website"},"datePublished":"2025-03-24T11:56:53+00:00","dateModified":"2025-05-07T07:31:14+00:00","breadcrumb":{"@id":"https:\/\/zahermetalgroup.com\/fr\/mentions-legales\/#breadcrumb"},"inLanguage":"fr-FR","potentialAction":[{"@type":"ReadAction","target":["https:\/\/zahermetalgroup.com\/fr\/mentions-legales\/"]}]},{"@type":"BreadcrumbList","@id":"https:\/\/zahermetalgroup.com\/fr\/mentions-legales\/#breadcrumb","itemListElement":[{"@type":"ListItem","position":1,"name":"Home","item":"https:\/\/zahermetalgroup.com\/fr\/"},{"@type":"ListItem","position":2,"name":"Mentions l\u00e9gales"}]},{"@type":"WebSite","@id":"https:\/\/zahermetalgroup.com\/fr\/#website","url":"https:\/\/zahermetalgroup.com\/fr\/","name":"Zaher Group","description":"Innovation et tradition dans chaque projet","publisher":{"@id":"https:\/\/zahermetalgroup.com\/fr\/#organization"},"potentialAction":[{"@type":"SearchAction","target":{"@type":"EntryPoint","urlTemplate":"https:\/\/zahermetalgroup.com\/fr\/?s={search_term_string}"},"query-input":{"@type":"PropertyValueSpecification","valueRequired":true,"valueName":"search_term_string"}}],"inLanguage":"fr-FR"},{"@type":"Organization","@id":"https:\/\/zahermetalgroup.com\/fr\/#organization","name":"Zaher Group","url":"https:\/\/zahermetalgroup.com\/fr\/","logo":{"@type":"ImageObject","inLanguage":"fr-FR","@id":"https:\/\/zahermetalgroup.com\/fr\/#\/schema\/logo\/image\/","url":"https:\/\/zahermetalgroup.com\/wp-content\/uploads\/2025\/03\/zaher_logoa_txuria-1.png","contentUrl":"https:\/\/zahermetalgroup.com\/wp-content\/uploads\/2025\/03\/zaher_logoa_txuria-1.png","width":400,"height":244,"caption":"Zaher Group"},"image":{"@id":"https:\/\/zahermetalgroup.com\/fr\/#\/schema\/logo\/image\/"}}]}},"_links":{"self":[{"href":"https:\/\/zahermetalgroup.com\/fr\/wp-json\/wp\/v2\/pages\/139","targetHints":{"allow":["GET"]}}],"collection":[{"href":"https:\/\/zahermetalgroup.com\/fr\/wp-json\/wp\/v2\/pages"}],"about":[{"href":"https:\/\/zahermetalgroup.com\/fr\/wp-json\/wp\/v2\/types\/page"}],"author":[{"embeddable":true,"href":"https:\/\/zahermetalgroup.com\/fr\/wp-json\/wp\/v2\/users\/2"}],"replies":[{"embeddable":true,"href":"https:\/\/zahermetalgroup.com\/fr\/wp-json\/wp\/v2\/comments?post=139"}],"version-history":[{"count":2,"href":"https:\/\/zahermetalgroup.com\/fr\/wp-json\/wp\/v2\/pages\/139\/revisions"}],"predecessor-version":[{"id":315,"href":"https:\/\/zahermetalgroup.com\/fr\/wp-json\/wp\/v2\/pages\/139\/revisions\/315"}],"wp:attachment":[{"href":"https:\/\/zahermetalgroup.com\/fr\/wp-json\/wp\/v2\/media?parent=139"}],"curies":[{"name":"wp","href":"https:\/\/api.w.org\/{rel}","templated":true}]}}