{"id":143,"date":"2025-03-13T13:42:43","date_gmt":"2025-03-13T13:42:43","guid":{"rendered":"https:\/\/zahermetalgroup.com\/politica-de-privacidad\/"},"modified":"2025-05-07T09:26:31","modified_gmt":"2025-05-07T07:26:31","slug":"privacy-policy","status":"publish","type":"page","link":"https:\/\/zahermetalgroup.com\/en\/privacy-policy\/","title":{"rendered":"Privacy Policy"},"content":{"rendered":"<p><strong>\u00bfQui\u00e9n es el responsable de sus datos?<\/strong><\/p>\n<p>De acuerdo con lo establecido por la Ley Org\u00e1nica 3\/2018, de 5 de diciembre, de Protecci\u00f3n de Datos Personales y garant\u00eda de los derechos digitales (LOPD) y el Reglamento General de Protecci\u00f3n de Datos (RGPD) de 27 de Abril de 2016, le informamos que los datos personales aportados ser\u00e1n tratados por ZAHER METAL GROUP, S.L. con CIF B20706644 y domicilio en Pol\u00edgono Industrial Ugarte 72-73 &#8211; 20720, Azkoitia (Gipuzkoa).<\/p>\n<p><strong>\u00bfCu\u00e1les son sus derechos cuando nos facilita sus datos?<\/strong><\/p>\n<p>Cualquier persona tiene derecho a solicitar el acceso, rectificaci\u00f3n, supresi\u00f3n, limitaci\u00f3n del tratamiento, oposici\u00f3n o derecho a la portabilidad de sus datos personales, escribi\u00e9ndonos a la direcci\u00f3n de nuestras\u00a0 oficinas, o enviando un correo electr\u00f3nico a irenezabarte@zaher2000.com, indicando el derecho que desea ejercer.<\/p>\n<p>Tendr\u00e1 derecho igualmente a retirar el consentimiento prestado en cualquier momento. La retirada del consentimiento no afectar\u00e1 a la licitud del tratamiento efectuado antes de la retirada de dicho consentimiento.<\/p>\n<p>Tiene derecho a presentar una reclamaci\u00f3n ante la autoridad de control si considera que pueden haber sido vulnerados sus derechos en lo concerniente a la protecci\u00f3n de sus datos personales.<\/p>\n<p><strong>CONTACTOS<\/strong><\/p>\n<p><strong>\u00bfCon qu\u00e9 finalidad tratamos sus datos personales?<\/strong><\/p>\n<p>Los datos aportados por usted son necesarios para poder prestarle con todas las garant\u00edas el servicio solicitado, y ser\u00e1n tratados con las siguientes finalidades: Gesti\u00f3n de los datos de contacto para la comunicaci\u00f3n.<\/p>\n<p><strong>\u00bfPor cu\u00e1nto tiempo conservaremos sus datos?<\/strong><\/p>\n<p>Los datos personales proporcionados se conservar\u00e1n mientras se prevea que pueden ser necesarios para contactar con el interesado.<\/p>\n<p><strong>\u00bfCu\u00e1l es la legitimaci\u00f3n para el tratamiento de sus datos?<\/strong><\/p>\n<p>La base legal para el tratamiento de sus datos es el consentimiento del interesado al proporcionar sus datos de contacto.<\/p>\n<p><strong>\u00bfA qu\u00e9 destinatarios se comunicar\u00e1n sus datos?<\/strong><\/p>\n<p>Sus datos no se ceder\u00e1n a terceros salvo obligaci\u00f3n legal.<\/p>\n","protected":false},"excerpt":{"rendered":"<p>\u00bfQui\u00e9n es el responsable de sus datos? De acuerdo con lo establecido por la Ley Org\u00e1nica 3\/2018, de 5 de diciembre, de Protecci\u00f3n de Datos Personales y garant\u00eda de los derechos digitales (LOPD) y el Reglamento General de Protecci\u00f3n de Datos (RGPD) de 27 de Abril de 2016, le informamos que los datos personales aportados [&hellip;]<\/p>\n","protected":false},"author":1,"featured_media":0,"parent":0,"menu_order":0,"comment_status":"closed","ping_status":"closed","template":"","meta":{"_acf_changed":false,"footnotes":""},"class_list":["post-143","page","type-page","status-publish","hentry"],"acf":[],"yoast_head":"<!-- This site is optimized with the Yoast SEO plugin v26.0 - https:\/\/yoast.com\/wordpress\/plugins\/seo\/ -->\n<title>Privacy Policy - Zaher Group<\/title>\n<meta name=\"robots\" content=\"noindex, nofollow\" \/>\n<meta property=\"og:locale\" content=\"en_US\" \/>\n<meta property=\"og:type\" content=\"article\" \/>\n<meta property=\"og:title\" content=\"Privacy Policy - Zaher Group\" \/>\n<meta property=\"og:description\" content=\"\u00bfQui\u00e9n es el responsable de sus datos? De acuerdo con lo establecido por la Ley Org\u00e1nica 3\/2018, de 5 de diciembre, de Protecci\u00f3n de Datos Personales y garant\u00eda de los derechos digitales (LOPD) y el Reglamento General de Protecci\u00f3n de Datos (RGPD) de 27 de Abril de 2016, le informamos que los datos personales aportados [&hellip;]\" \/>\n<meta property=\"og:url\" content=\"https:\/\/zahermetalgroup.com\/en\/privacy-policy\/\" \/>\n<meta property=\"og:site_name\" content=\"Zaher Group\" \/>\n<meta property=\"article:modified_time\" content=\"2025-05-07T07:26:31+00:00\" \/>\n<meta name=\"twitter:card\" content=\"summary_large_image\" \/>\n<meta name=\"twitter:label1\" content=\"Est. reading time\" \/>\n\t<meta name=\"twitter:data1\" content=\"4 minutes\" \/>\n<script type=\"application\/ld+json\" class=\"yoast-schema-graph\">{\"@context\":\"https:\/\/schema.org\",\"@graph\":[{\"@type\":\"WebPage\",\"@id\":\"https:\/\/zahermetalgroup.com\/en\/privacy-policy\/\",\"url\":\"https:\/\/zahermetalgroup.com\/en\/privacy-policy\/\",\"name\":\"Privacy Policy - Zaher Group\",\"isPartOf\":{\"@id\":\"https:\/\/zahermetalgroup.com\/en\/#website\"},\"datePublished\":\"2025-03-13T13:42:43+00:00\",\"dateModified\":\"2025-05-07T07:26:31+00:00\",\"breadcrumb\":{\"@id\":\"https:\/\/zahermetalgroup.com\/en\/privacy-policy\/#breadcrumb\"},\"inLanguage\":\"en-US\",\"potentialAction\":[{\"@type\":\"ReadAction\",\"target\":[\"https:\/\/zahermetalgroup.com\/en\/privacy-policy\/\"]}]},{\"@type\":\"BreadcrumbList\",\"@id\":\"https:\/\/zahermetalgroup.com\/en\/privacy-policy\/#breadcrumb\",\"itemListElement\":[{\"@type\":\"ListItem\",\"position\":1,\"name\":\"Home\",\"item\":\"https:\/\/zahermetalgroup.com\/en\/\"},{\"@type\":\"ListItem\",\"position\":2,\"name\":\"Privacy Policy\"}]},{\"@type\":\"WebSite\",\"@id\":\"https:\/\/zahermetalgroup.com\/en\/#website\",\"url\":\"https:\/\/zahermetalgroup.com\/en\/\",\"name\":\"Zaher Group\",\"description\":\"Innovation and tradition in every project\",\"publisher\":{\"@id\":\"https:\/\/zahermetalgroup.com\/en\/#organization\"},\"potentialAction\":[{\"@type\":\"SearchAction\",\"target\":{\"@type\":\"EntryPoint\",\"urlTemplate\":\"https:\/\/zahermetalgroup.com\/en\/?s={search_term_string}\"},\"query-input\":{\"@type\":\"PropertyValueSpecification\",\"valueRequired\":true,\"valueName\":\"search_term_string\"}}],\"inLanguage\":\"en-US\"},{\"@type\":\"Organization\",\"@id\":\"https:\/\/zahermetalgroup.com\/en\/#organization\",\"name\":\"Zaher Group\",\"url\":\"https:\/\/zahermetalgroup.com\/en\/\",\"logo\":{\"@type\":\"ImageObject\",\"inLanguage\":\"en-US\",\"@id\":\"https:\/\/zahermetalgroup.com\/en\/#\/schema\/logo\/image\/\",\"url\":\"https:\/\/zahermetalgroup.com\/wp-content\/uploads\/2025\/03\/zaher_logoa_txuria-1.png\",\"contentUrl\":\"https:\/\/zahermetalgroup.com\/wp-content\/uploads\/2025\/03\/zaher_logoa_txuria-1.png\",\"width\":400,\"height\":244,\"caption\":\"Zaher Group\"},\"image\":{\"@id\":\"https:\/\/zahermetalgroup.com\/en\/#\/schema\/logo\/image\/\"}}]}<\/script>\n<!-- \/ Yoast SEO plugin. -->","yoast_head_json":{"title":"Privacy Policy - Zaher Group","robots":{"index":"noindex","follow":"nofollow"},"og_locale":"en_US","og_type":"article","og_title":"Privacy Policy - Zaher Group","og_description":"\u00bfQui\u00e9n es el responsable de sus datos? De acuerdo con lo establecido por la Ley Org\u00e1nica 3\/2018, de 5 de diciembre, de Protecci\u00f3n de Datos Personales y garant\u00eda de los derechos digitales (LOPD) y el Reglamento General de Protecci\u00f3n de Datos (RGPD) de 27 de Abril de 2016, le informamos que los datos personales aportados [&hellip;]","og_url":"https:\/\/zahermetalgroup.com\/en\/privacy-policy\/","og_site_name":"Zaher Group","article_modified_time":"2025-05-07T07:26:31+00:00","twitter_card":"summary_large_image","twitter_misc":{"Est. reading time":"4 minutes"},"schema":{"@context":"https:\/\/schema.org","@graph":[{"@type":"WebPage","@id":"https:\/\/zahermetalgroup.com\/en\/privacy-policy\/","url":"https:\/\/zahermetalgroup.com\/en\/privacy-policy\/","name":"Privacy Policy - Zaher Group","isPartOf":{"@id":"https:\/\/zahermetalgroup.com\/en\/#website"},"datePublished":"2025-03-13T13:42:43+00:00","dateModified":"2025-05-07T07:26:31+00:00","breadcrumb":{"@id":"https:\/\/zahermetalgroup.com\/en\/privacy-policy\/#breadcrumb"},"inLanguage":"en-US","potentialAction":[{"@type":"ReadAction","target":["https:\/\/zahermetalgroup.com\/en\/privacy-policy\/"]}]},{"@type":"BreadcrumbList","@id":"https:\/\/zahermetalgroup.com\/en\/privacy-policy\/#breadcrumb","itemListElement":[{"@type":"ListItem","position":1,"name":"Home","item":"https:\/\/zahermetalgroup.com\/en\/"},{"@type":"ListItem","position":2,"name":"Privacy Policy"}]},{"@type":"WebSite","@id":"https:\/\/zahermetalgroup.com\/en\/#website","url":"https:\/\/zahermetalgroup.com\/en\/","name":"Zaher Group","description":"Innovation and tradition in every project","publisher":{"@id":"https:\/\/zahermetalgroup.com\/en\/#organization"},"potentialAction":[{"@type":"SearchAction","target":{"@type":"EntryPoint","urlTemplate":"https:\/\/zahermetalgroup.com\/en\/?s={search_term_string}"},"query-input":{"@type":"PropertyValueSpecification","valueRequired":true,"valueName":"search_term_string"}}],"inLanguage":"en-US"},{"@type":"Organization","@id":"https:\/\/zahermetalgroup.com\/en\/#organization","name":"Zaher Group","url":"https:\/\/zahermetalgroup.com\/en\/","logo":{"@type":"ImageObject","inLanguage":"en-US","@id":"https:\/\/zahermetalgroup.com\/en\/#\/schema\/logo\/image\/","url":"https:\/\/zahermetalgroup.com\/wp-content\/uploads\/2025\/03\/zaher_logoa_txuria-1.png","contentUrl":"https:\/\/zahermetalgroup.com\/wp-content\/uploads\/2025\/03\/zaher_logoa_txuria-1.png","width":400,"height":244,"caption":"Zaher Group"},"image":{"@id":"https:\/\/zahermetalgroup.com\/en\/#\/schema\/logo\/image\/"}}]}},"_links":{"self":[{"href":"https:\/\/zahermetalgroup.com\/en\/wp-json\/wp\/v2\/pages\/143","targetHints":{"allow":["GET"]}}],"collection":[{"href":"https:\/\/zahermetalgroup.com\/en\/wp-json\/wp\/v2\/pages"}],"about":[{"href":"https:\/\/zahermetalgroup.com\/en\/wp-json\/wp\/v2\/types\/page"}],"author":[{"embeddable":true,"href":"https:\/\/zahermetalgroup.com\/en\/wp-json\/wp\/v2\/users\/1"}],"replies":[{"embeddable":true,"href":"https:\/\/zahermetalgroup.com\/en\/wp-json\/wp\/v2\/comments?post=143"}],"version-history":[{"count":2,"href":"https:\/\/zahermetalgroup.com\/en\/wp-json\/wp\/v2\/pages\/143\/revisions"}],"predecessor-version":[{"id":310,"href":"https:\/\/zahermetalgroup.com\/en\/wp-json\/wp\/v2\/pages\/143\/revisions\/310"}],"wp:attachment":[{"href":"https:\/\/zahermetalgroup.com\/en\/wp-json\/wp\/v2\/media?parent=143"}],"curies":[{"name":"wp","href":"https:\/\/api.w.org\/{rel}","templated":true}]}}